{"id":67,"date":"2024-11-25T19:50:37","date_gmt":"2024-11-25T16:50:37","guid":{"rendered":"https:\/\/kbb2025.org\/?page_id=67"},"modified":"2025-09-29T13:16:44","modified_gmt":"2025-09-29T10:16:44","slug":"kayit-konaklama","status":"publish","type":"page","link":"https:\/\/kbb2025.org\/en\/kayit-konaklama\/","title":{"rendered":"Registration \u2013 Accommodation"},"content":{"rendered":"<p>[et_pb_section fb_built=&#8221;1&#8243; fullwidth=&#8221;on&#8221; _builder_version=&#8221;4.17.4&#8243; _module_preset=&#8221;default&#8221; background_color=&#8221;#f5821f&#8221; global_colors_info=&#8221;{}&#8221;][et_pb_fullwidth_post_title meta=&#8221;off&#8221; featured_image=&#8221;off&#8221; _builder_version=&#8221;4.17.4&#8243; _module_preset=&#8221;default&#8221; title_font=&#8221;|700|||||||&#8221; title_text_color=&#8221;#000000&#8243; custom_margin=&#8221;||||false|false&#8221; custom_padding=&#8221;130px||10px||false|false&#8221; global_colors_info=&#8221;{}&#8221;][\/et_pb_fullwidth_post_title][\/et_pb_section][et_pb_section fb_built=&#8221;1&#8243; _builder_version=&#8221;4.17.4&#8243; _module_preset=&#8221;default&#8221; global_colors_info=&#8221;{}&#8221;][et_pb_row _builder_version=&#8221;4.17.4&#8243; _module_preset=&#8221;default&#8221; global_colors_info=&#8221;{}&#8221;][et_pb_column type=&#8221;4_4&#8243; _builder_version=&#8221;4.17.4&#8243; _module_preset=&#8221;default&#8221; global_colors_info=&#8221;{}&#8221;][et_pb_text _builder_version=&#8221;4.17.4&#8243; _module_preset=&#8221;default&#8221; global_colors_info=&#8221;{}&#8221;]<\/p>\n<table width=\"100%\" class=\"genel\">\n<tbody>\n<tr>\n<td style=\"background-color: #233e95;\"><span style=\"color: #ffffff;\"><strong>Kay\u0131t Tipi<\/strong><\/span><\/td>\n<td style=\"text-align: center; background-color: #233e95;\"><span style=\"color: #ffffff;\"><strong>1. Periyot<\/strong><\/span><br \/><span style=\"color: #ffffff;\"><strong>23 May\u0131s 2025 \u00d6ncesi<\/strong><\/span><\/td>\n<td style=\"text-align: center; background-color: #233e95;\"><span style=\"color: #ffffff;\"><strong>2. Periyot<\/strong><\/span><br \/><span style=\"color: #ffffff;\"><strong>23 May\u0131s 2025 Sonras\u0131<\/strong><\/span><\/td>\n<\/tr>\n<tr>\n<td><strong>Hekim \/ Firma Temsilcisi<\/strong><\/td>\n<td style=\"text-align: center;\">12.500 TL<\/td>\n<td style=\"text-align: center;\">15.500 TL<\/td>\n<\/tr>\n<tr>\n<td><strong>Asistan \/ Aile Hekimi<\/strong><\/td>\n<td style=\"text-align: center;\">10.500 TL<\/td>\n<td style=\"text-align: center;\">13.500 TL<\/td>\n<\/tr>\n<tr>\n<td><strong>Odyolog \/ Refakat\u00e7i<\/strong><\/td>\n<td style=\"text-align: center;\">10.500 TL<\/td>\n<td style=\"text-align: center;\">12.500 TL<\/td>\n<\/tr>\n<tr>\n<td><strong>Kongrede stand\u2019<\/strong><strong>\u0131 mevcut olmayan Firma Temsilcisi<\/strong><\/td>\n<td style=\"text-align: center;\">22.000 TL<\/td>\n<td style=\"text-align: center;\">27.000 TL<\/td>\n<\/tr>\n<\/tbody>\n<\/table>\n<p><strong>Kay\u0131t \u00dccreti; <\/strong>Toplant\u0131lara kat\u0131l\u0131m, yaka kart\u0131, kongre kitab\u0131 ve kat\u0131l\u0131m sertifikas\u0131n\u0131 kapsamaktad\u0131r. D Event Turizm\u2019in \u00fclkedeki ekonomik ko\u015fullar\u0131n \u00f6nemli \u00f6l\u00e7\u00fcde de\u011fi\u015fmesi durumunda fiyatlar\u0131 de\u011fi\u015ftirme hakk\u0131 sakl\u0131d\u0131r.<br \/><strong>Vergiler; <\/strong>Kay\u0131t \u00fccretlerine KDV dahil de\u011fildir. D Event Turizm\u2019in vergisel de\u011fi\u015fiklikleri fiyatlara yans\u0131tma hakk\u0131 bulunmaktad\u0131r.<br \/><strong>\u00d6demeler;<\/strong> Kay\u0131t \u00fccreti acente hesab\u0131na \u00f6denecek olup, \u00f6demeye istinaden d\u00fczenlenen fatura organizasyon bitiminden sonra g\u00f6nderilecektir.<\/p>\n<p>&nbsp;<\/p>\n<table width=\"100%\" class=\"genel\">\n<tbody>\n<tr>\n<td style=\"background-color: #233e95;\"><span style=\"color: #ffffff;\"><strong>Konaklama Otelleri<\/strong><\/span><\/td>\n<td colspan=\"2\" style=\"text-align: center; background-color: #233e95;\"><span style=\"color: #ffffff;\"><strong>1. Periyot<\/strong><\/span><br \/><span style=\"color: #ffffff;\"><strong>23 May\u0131s 2025 \u00d6ncesi<\/strong><\/span><\/td>\n<td colspan=\"2\" style=\"text-align: center; background-color: #233e95;\"><span style=\"color: #ffffff;\"><strong>2. Periyot<\/strong><\/span><br \/><span style=\"color: #ffffff;\"><strong>23 May\u0131s 2025 Sonras\u0131<\/strong><\/span><\/td>\n<\/tr>\n<tr>\n<td><strong>4 Gecelik Konaklama<\/strong><\/td>\n<td style=\"text-align: center;\"><strong>Tek Ki\u015filik Oda<\/strong><\/td>\n<td style=\"text-align: center;\"><strong>\u00c7ift Ki\u015filik Oda<\/strong><\/td>\n<td style=\"text-align: center;\"><strong>Tek Ki\u015filik Oda<\/strong><\/td>\n<td style=\"text-align: center;\"><strong>\u00c7ift Ki\u015filik Oda<\/strong><\/td>\n<\/tr>\n<tr>\n<td><strong>Limak Otel <span style=\"color: #e02b20;\">(Dolmu\u015ftur)<\/span><\/strong><\/td>\n<td style=\"text-align: center;\">1.200 Euro<\/td>\n<td style=\"text-align: center;\">1.780 Euro<\/td>\n<td style=\"text-align: center;\">1.300 Euro<\/td>\n<td style=\"text-align: center;\">1.860 Euro<\/td>\n<\/tr>\n<tr>\n<td><strong>Kaya Artemis Otel <span style=\"color: #e02b20;\">(Dolmu\u015ftur)<\/span><\/strong><\/td>\n<td style=\"text-align: center;\">1.200 Euro<\/td>\n<td style=\"text-align: center;\">1.780 Euro<\/td>\n<td style=\"text-align: center;\">1.300 Euro<\/td>\n<td style=\"text-align: center;\">1.860 Euro<\/td>\n<\/tr>\n<tr>\n<td><strong>Concorde Otel<\/strong><\/td>\n<td style=\"text-align: center;\">1.350 Euro<\/td>\n<td style=\"text-align: center;\">\u00a01.930 Euro<\/td>\n<td style=\"text-align: center;\">1.450 Euro<\/td>\n<td style=\"text-align: center;\">2.030 Euro<\/td>\n<\/tr>\n<\/tbody>\n<\/table>\n<p><strong>Konaklama Paket \u00dccreti; <\/strong>5 Kas\u0131m 2025 \u00c7ar\u015famba g\u00fcn\u00fc giri\u015f, 9 Kas\u0131m 2025 Pazar g\u00fcn\u00fc \u00e7\u0131k\u0131\u015f olmak \u00fczere, 4 gece konaklamay\u0131 kapsamaktad\u0131r.<br \/><strong>Vergiler; <\/strong>Konaklama u\u0308creti KDV\u2019den muaft\u0131r, konaklama vergisi dahildir. D Event Turizm\u2019in vergisel de\u011fi\u015fiklikleri fiyatlara yans\u0131tma hakk\u0131 bulunmaktad\u0131r.<br \/><strong>\u00d6demeler; <\/strong>Konaklama \u00fccreti acente hesab\u0131na \u00f6denecek olup, \u00f6demeye istinaden d\u00fczenlenen fatura organizasyon bitiminden sonra g\u00f6nderilecektir.<\/p>\n<p><strong>Kongre Otellerinde konaklamayan ve D Event Turizm arac\u0131l\u0131\u011f\u0131 ile konaklama hizmeti almayan t\u00fcm misafirler ic\u0327in tesis kullan\u0131m bedeli olarak gu\u0308nlu\u0308k 180 Euro d\u0131\u015f kat\u0131l\u0131mc\u0131 u\u0308creti ay\u0131ca al\u0131nacakt\u0131r.<\/strong><\/p>\n<p>Kay\u0131t ve Konaklama \u00fccretleri b\u00fct\u00e7enize \u00f6deme tarihindeki periyod fiyatlar\u0131na g\u00f6re eklenecektir.<\/p>\n<table width=\"100%\" class=\"genel\">\n<tbody>\n<tr>\n<td style=\"width: 50%; background-color: #233e95;\" colspan=\"2\"><span style=\"color: #ffffff;\"><strong>Transfer<\/strong><\/span><\/td>\n<\/tr>\n<tr>\n<td style=\"width: 50%;\"><strong>Tek Y\u00f6n<\/strong><\/td>\n<td style=\"width: 50%;\">50 \u20ac<\/td>\n<\/tr>\n<\/tbody>\n<\/table>\n<p>5 Kas\u0131m \u2013 9 Kas\u0131m 2025 tarihlerindeki Ercan\u00a0 Havaliman\u0131 \u2013 Kongre Oteli\u00a0 aras\u0131nda ger\u00e7ekle\u015fecek ki\u015fi ba\u015f\u0131, toplu transfer fiyat\u0131d\u0131r. Bu tarihler d\u0131s\u0327\u0131nda talep edilen transferler <strong>tek yo\u0308n 160 \u20ac <\/strong>u\u0308zerinden fiyatland\u0131r\u0131lacakt\u0131r.<\/p>\n<p><strong>Vergiler;<\/strong> transfer u\u0308cretleri KDV\u2019den muaft\u0131r. D Event Turizm\u2019in vergisel de\u011fi\u015fiklikleri fiyatlara yans\u0131tma hakk\u0131 bulunmaktad\u0131r.<br \/><strong>\u00d6demeler; <\/strong>transfer \u00fccreti acente hesab\u0131na \u00f6denecek olup, \u00f6demeye istinaden d\u00fczenlenen fatura organizasyon bitiminden sonra g\u00f6nderilecektir.<\/p>\n<p>&nbsp;<\/p>\n<p><strong>HESAP B\u0130LG\u0130LER\u0130<\/strong><br \/><strong>Banka\/\u015eube :<\/strong> QNB Bank A.\u015e. \/ \u0130\u00e7erenk\u00f6y \u015eb.<br \/><strong>Hesap Ad\u0131 :<\/strong> Devent Turizm Organizasyon Hizmetleri Anonim \u015eirketi<br \/><strong>IBAN TL :<\/strong> TR33 0011 1000 0000 0148 6625 02<br \/><strong>IBAN \u20ac :<\/strong> TR86 0011 1000 0000 0148 6669 80<\/p>\n<p><strong>Kay\u0131t, Konaklama ve Transfer Hizmetleri \u0130\u00e7in \u00d6nemli Bilgiler<\/strong><\/p>\n<ul>\n<li>\u0130simleri son bildirme tarihi :<strong> 19 Eyl\u00fcl 2025<\/strong><\/li>\n<li>Erken kay\u0131t ve konaklama fiyatlar\u0131 sadece yukar\u0131daki tarihe g\u00f6re \u00f6deme ger\u00e7ekle\u015fmi\u015f ise ge\u00e7erli olacakt\u0131r. Bu tarihlere g\u00f6re \u00f6demesi yap\u0131lmayan t\u00fcm talepler <strong>23 May\u0131s <\/strong>sonras\u0131 fiyatlardan \u00fccretlendirilecektir.<\/li>\n<li>Kay\u0131t ve konaklama taleplerinin son iptal tarihi <strong>25 Temmuz 2025\u2019dir. <\/strong>Bu tarihten sonra ger\u00e7ekle\u015fecek olan iptallerde geri \u00f6deme yap\u0131lmayacakt\u0131r.<\/li>\n<li>Kay\u0131t ve konaklama iptalleri i\u00e7in yap\u0131lacak olan geri \u00f6demeler, toplant\u0131 \/sempozyum\/kongre bitis\u0327 tarihinden itibaren <strong>20 i\u015f <\/strong>g\u00fcn\u00fc i\u00e7inde, banka kanal\u0131yla iade edilecektir.<\/li>\n<\/ul>\n<ul>\n<li><strong>T\u00fcm Sponsorluklar i\u00e7in Son \u0130ptal Tarihi<\/strong> : 25 Temmuz 2025<\/li>\n<li><strong>Kay\u0131t ve Konaklama i\u00e7in \u0130sim Bildirme Son Tarihi <\/strong>: 19 Eyl\u00fcl 2025<\/li>\n<li><strong>Transfer i\u00e7in Detay \u0130letilmesi i\u00e7in Son Tarih <\/strong>: 10 Ekim 2025<\/li>\n<li>B\u00fct\u00e7eler \u00f6deme\u00a0yap\u0131lan tarihteki periyota g\u00f6re d\u00fczenlenecektir.<\/li>\n<li>Sponsorluk dosyas\u0131nda belirtilen \u00fccretlere vergiler dahil de\u011fildir.<\/li>\n<li>D Event Turizm\u2019in vergisel de\u011fi\u015fiklikleri fiyatlara yans\u0131tma hakk\u0131 bulunmaktad\u0131r ve \u00fclkedeki ekonomik ko\u015fullar\u0131n \u00f6nemli \u00f6l\u00e7\u00fcde de\u011fi\u015fmesi durumunda fiyatlar\u0131 de\u011fi\u015ftirme hakk\u0131 sakl\u0131d\u0131r.<\/li>\n<\/ul>\n<p>&nbsp;<\/p>\n<p>[\/et_pb_text][\/et_pb_column][\/et_pb_row][\/et_pb_section]<\/p>\n","protected":false},"excerpt":{"rendered":"<p>Kay\u0131t Tipi 1. Periyot23 May\u0131s 2025 \u00d6ncesi 2. Periyot23 May\u0131s 2025 Sonras\u0131 Hekim \/ Firma Temsilcisi 12.500 TL 15.500 TL Asistan \/ Aile Hekimi 10.500 TL 13.500 TL Odyolog \/ Refakat\u00e7i 10.500 TL 12.500 TL Kongrede stand\u2019\u0131 mevcut olmayan Firma Temsilcisi 22.000 TL 27.000 TL Kay\u0131t \u00dccreti; Toplant\u0131lara kat\u0131l\u0131m, yaka kart\u0131, kongre kitab\u0131 ve kat\u0131l\u0131m [&hellip;]<\/p>\n","protected":false},"author":1,"featured_media":0,"parent":0,"menu_order":0,"comment_status":"closed","ping_status":"closed","template":"","meta":{"_et_pb_use_builder":"on","_et_pb_old_content":"","_et_gb_content_width":"","footnotes":""},"class_list":["post-67","page","type-page","status-publish","hentry"],"_links":{"self":[{"href":"https:\/\/kbb2025.org\/en\/wp-json\/wp\/v2\/pages\/67","targetHints":{"allow":["GET"]}}],"collection":[{"href":"https:\/\/kbb2025.org\/en\/wp-json\/wp\/v2\/pages"}],"about":[{"href":"https:\/\/kbb2025.org\/en\/wp-json\/wp\/v2\/types\/page"}],"author":[{"embeddable":true,"href":"https:\/\/kbb2025.org\/en\/wp-json\/wp\/v2\/users\/1"}],"replies":[{"embeddable":true,"href":"https:\/\/kbb2025.org\/en\/wp-json\/wp\/v2\/comments?post=67"}],"version-history":[{"count":17,"href":"https:\/\/kbb2025.org\/en\/wp-json\/wp\/v2\/pages\/67\/revisions"}],"predecessor-version":[{"id":825,"href":"https:\/\/kbb2025.org\/en\/wp-json\/wp\/v2\/pages\/67\/revisions\/825"}],"wp:attachment":[{"href":"https:\/\/kbb2025.org\/en\/wp-json\/wp\/v2\/media?parent=67"}],"curies":[{"name":"wp","href":"https:\/\/api.w.org\/{rel}","templated":true}]}}