{"id":64,"date":"2024-11-25T19:49:41","date_gmt":"2024-11-25T16:49:41","guid":{"rendered":"https:\/\/kbb2025.org\/?page_id=64"},"modified":"2025-05-15T14:42:03","modified_gmt":"2025-05-15T11:42:03","slug":"kurullar","status":"publish","type":"page","link":"https:\/\/kbb2025.org\/en\/kurullar\/","title":{"rendered":"Boards"},"content":{"rendered":"<p>[et_pb_section fb_built=&#8221;1&#8243; fullwidth=&#8221;on&#8221; _builder_version=&#8221;4.17.4&#8243; _module_preset=&#8221;default&#8221; background_color=&#8221;#f5821f&#8221; global_colors_info=&#8221;{}&#8221;][et_pb_fullwidth_post_title meta=&#8221;off&#8221; featured_image=&#8221;off&#8221; _builder_version=&#8221;4.17.4&#8243; _module_preset=&#8221;default&#8221; title_font=&#8221;|700|||||||&#8221; title_text_color=&#8221;#000000&#8243; custom_margin=&#8221;||||false|false&#8221; custom_padding=&#8221;130px||10px||false|false&#8221; global_colors_info=&#8221;{}&#8221;][\/et_pb_fullwidth_post_title][\/et_pb_section][et_pb_section fb_built=&#8221;1&#8243; _builder_version=&#8221;4.17.4&#8243; _module_preset=&#8221;default&#8221; global_colors_info=&#8221;{}&#8221;][et_pb_row column_structure=&#8221;1_2,1_2&#8243; _builder_version=&#8221;4.17.4&#8243; _module_preset=&#8221;default&#8221; global_colors_info=&#8221;{}&#8221;][et_pb_column type=&#8221;1_2&#8243; _builder_version=&#8221;4.17.4&#8243; _module_preset=&#8221;default&#8221; global_colors_info=&#8221;{}&#8221;][et_pb_text _builder_version=&#8221;4.17.4&#8243; _module_preset=&#8221;default&#8221; global_colors_info=&#8221;{}&#8221;]<\/p>\n<p><strong>ULUSAL KONGRE ORGAN\u0130ZASYON KOM\u0130TES\u0130<\/strong><\/p>\n<p>Prof. Dr. Orhan \u00d6zturan (Kongre Ba\u015fkan\u0131)<br \/>Prof. Dr. Mahmut Tayyar Kalc\u0131o\u011flu (Kongre Sekreteri)<\/p>\n<p>Prof. Dr. Ay\u015feg\u00fcl Bat\u0131o\u011flu Karaalt\u0131n (UKOK \u00dcyesi)<br \/>Prof. Dr. K\u0131van\u00e7 G\u00fcnhan (UKOK \u00dcyesi)<br \/>Prof. Dr.Arzu Yasemin Korkut (UKOK \u00dcyesi)<br \/>Prof.Dr. Ferhan \u00d6z (UKOK \u00dcyesi)<br \/>Prof. Dr. \u00d6zg\u00fcr Yi\u011fit (UKOK \u00dcyesi)<\/p>\n<p>[\/et_pb_text][\/et_pb_column][et_pb_column type=&#8221;1_2&#8243; _builder_version=&#8221;4.17.4&#8243; _module_preset=&#8221;default&#8221; global_colors_info=&#8221;{}&#8221;][et_pb_text _builder_version=&#8221;4.17.4&#8243; _module_preset=&#8221;default&#8221; hover_enabled=&#8221;0&#8243; global_colors_info=&#8221;{}&#8221; sticky_enabled=&#8221;0&#8243;]<\/p>\n<p><strong>DERNEK Y\u00d6NET\u0130M KURULU<\/strong><\/p>\n<p>Prof. Dr. Suat Turgut (Ba\u015fkan)<br \/>Prof. Dr. Mustafa Gerek (2. Ba\u015fkan)<br \/>Prof. Dr. \u00d6zg\u00fcr Yi\u011fit (Genel Sekreter)<br \/>Prof. Dr. \u015eaban \u00c7elebi (Muhasip \u00dcye)<br \/>Prof. Dr. Mustafa Kemal Adal\u0131 (\u00dcye)<br \/>Prof. Dr. Ay\u015feg\u00fcl Bat\u0131o\u011flu Karaalt\u0131n (\u00dcye)<br \/>Prof. Dr. Elif Baysal (\u00dcye)<br \/>Prof. Dr. Engin Dursun (\u00dcye)<br \/>Prof. Dr. Abdullah Dal\u011f\u0131\u00e7 (\u00dcye)<br \/>Prof. Dr. Y\u00fcksel Olgun (\u00dcye)<br \/>Prof. Dr. Cengiz \u00d6zcan (\u00dcye)<br \/>Prof. Dr. Beldan Polat (\u00dcye)<br \/>Prof. Dr. \u00d6. Ta\u015fk\u0131n Y\u00fccel (\u00dcye)<\/p>\n<p>[\/et_pb_text][\/et_pb_column][\/et_pb_row][\/et_pb_section]<\/p>\n","protected":false},"excerpt":{"rendered":"<p>ULUSAL KONGRE ORGAN\u0130ZASYON KOM\u0130TES\u0130 Prof. Dr. Orhan \u00d6zturan (Kongre Ba\u015fkan\u0131)Prof. Dr. Mahmut Tayyar Kalc\u0131o\u011flu (Kongre Sekreteri) Prof. Dr. Ay\u015feg\u00fcl Bat\u0131o\u011flu Karaalt\u0131n (UKOK \u00dcyesi)Prof. Dr. K\u0131van\u00e7 G\u00fcnhan (UKOK \u00dcyesi)Prof. Dr.Arzu Yasemin Korkut (UKOK \u00dcyesi)Prof.Dr. Ferhan \u00d6z (UKOK \u00dcyesi)Prof. Dr. \u00d6zg\u00fcr Yi\u011fit (UKOK \u00dcyesi)DERNEK Y\u00d6NET\u0130M KURULU Prof. Dr. Suat Turgut (Ba\u015fkan)Prof. Dr. Mustafa Gerek (2. Ba\u015fkan)Prof. Dr. [&hellip;]<\/p>\n","protected":false},"author":1,"featured_media":0,"parent":0,"menu_order":0,"comment_status":"closed","ping_status":"closed","template":"","meta":{"_et_pb_use_builder":"on","_et_pb_old_content":"","_et_gb_content_width":"","footnotes":""},"class_list":["post-64","page","type-page","status-publish","hentry"],"_links":{"self":[{"href":"https:\/\/kbb2025.org\/en\/wp-json\/wp\/v2\/pages\/64","targetHints":{"allow":["GET"]}}],"collection":[{"href":"https:\/\/kbb2025.org\/en\/wp-json\/wp\/v2\/pages"}],"about":[{"href":"https:\/\/kbb2025.org\/en\/wp-json\/wp\/v2\/types\/page"}],"author":[{"embeddable":true,"href":"https:\/\/kbb2025.org\/en\/wp-json\/wp\/v2\/users\/1"}],"replies":[{"embeddable":true,"href":"https:\/\/kbb2025.org\/en\/wp-json\/wp\/v2\/comments?post=64"}],"version-history":[{"count":8,"href":"https:\/\/kbb2025.org\/en\/wp-json\/wp\/v2\/pages\/64\/revisions"}],"predecessor-version":[{"id":205,"href":"https:\/\/kbb2025.org\/en\/wp-json\/wp\/v2\/pages\/64\/revisions\/205"}],"wp:attachment":[{"href":"https:\/\/kbb2025.org\/en\/wp-json\/wp\/v2\/media?parent=64"}],"curies":[{"name":"wp","href":"https:\/\/api.w.org\/{rel}","templated":true}]}}