{"id":221,"date":"2025-07-11T12:23:39","date_gmt":"2025-07-11T09:23:39","guid":{"rendered":"https:\/\/kbb2025.org\/?page_id=221"},"modified":"2025-07-14T14:49:55","modified_gmt":"2025-07-14T11:49:55","slug":"bildiri-degerlendirme-komitesi","status":"publish","type":"page","link":"https:\/\/kbb2025.org\/en\/bildiri-degerlendirme-komitesi\/","title":{"rendered":"Paper Evaluation Committee"},"content":{"rendered":"<p>[et_pb_section fb_built=&#8221;1&#8243; fullwidth=&#8221;on&#8221; _builder_version=&#8221;4.17.4&#8243; _module_preset=&#8221;default&#8221; background_color=&#8221;#f5821f&#8221; global_colors_info=&#8221;{}&#8221;][et_pb_fullwidth_post_title meta=&#8221;off&#8221; featured_image=&#8221;off&#8221; _builder_version=&#8221;4.17.4&#8243; _module_preset=&#8221;default&#8221; title_font=&#8221;|700|||||||&#8221; title_text_color=&#8221;#000000&#8243; custom_margin=&#8221;||||false|false&#8221; custom_padding=&#8221;130px||10px||false|false&#8221; global_colors_info=&#8221;{}&#8221;][\/et_pb_fullwidth_post_title][\/et_pb_section][et_pb_section fb_built=&#8221;1&#8243; _builder_version=&#8221;4.17.4&#8243; _module_preset=&#8221;default&#8221; global_colors_info=&#8221;{}&#8221;][et_pb_row column_structure=&#8221;1_2,1_2&#8243; _builder_version=&#8221;4.17.4&#8243; _module_preset=&#8221;default&#8221; global_colors_info=&#8221;{}&#8221;][et_pb_column type=&#8221;1_2&#8243; _builder_version=&#8221;4.17.4&#8243; _module_preset=&#8221;default&#8221; global_colors_info=&#8221;{}&#8221;][et_pb_text _builder_version=&#8221;4.17.4&#8243; _module_preset=&#8221;default&#8221; global_colors_info=&#8221;{}&#8221;]<\/p>\n<p><strong>B\u0130LD\u0130R\u0130 DE\u011eERLEND\u0130RME KOM\u0130TES\u0130<\/strong><\/p>\n<p>Prof.Dr. Serkan Orhan (Ba\u015fkan)<br \/>Prof.Dr. \u00d6mer Faruk \u00c7al\u0131m<br \/>Prof.Dr. Uygar Levent Demir<br \/>Prof.Dr. Banu Atalay Erdo\u011fan<br \/>Prof.Dr. Alper Yenig\u00fcn<br \/>Do\u00e7.Dr. Beng\u00fc \u00c7obano\u011flu<br \/>Do\u00e7.Dr. Muhammet Da\u011fk\u0131ran<br \/>Do\u00e7.Dr. Ahmet Mutlu<br \/>Do\u00e7.Dr. \u0130lhan \u015eahin <br \/>Do\u00e7.Dr. Alperen Vural<\/p>\n<p>[\/et_pb_text][\/et_pb_column][et_pb_column type=&#8221;1_2&#8243; _builder_version=&#8221;4.17.4&#8243; _module_preset=&#8221;default&#8221; global_colors_info=&#8221;{}&#8221;][et_pb_text _builder_version=&#8221;4.17.4&#8243; _module_preset=&#8221;default&#8221; global_colors_info=&#8221;{}&#8221;][\/et_pb_text][\/et_pb_column][\/et_pb_row][\/et_pb_section]<\/p>\n","protected":false},"excerpt":{"rendered":"<p>B\u0130LD\u0130R\u0130 DE\u011eERLEND\u0130RME KOM\u0130TES\u0130 Prof.Dr. Serkan Orhan (Ba\u015fkan)Prof.Dr. \u00d6mer Faruk \u00c7al\u0131mProf.Dr. Uygar Levent DemirProf.Dr. Banu Atalay Erdo\u011fanProf.Dr. Alper Yenig\u00fcnDo\u00e7.Dr. Beng\u00fc \u00c7obano\u011fluDo\u00e7.Dr. Muhammet Da\u011fk\u0131ranDo\u00e7.Dr. Ahmet MutluDo\u00e7.Dr. \u0130lhan \u015eahin Do\u00e7.Dr. Alperen Vural<\/p>","protected":false},"author":2,"featured_media":0,"parent":0,"menu_order":0,"comment_status":"closed","ping_status":"closed","template":"","meta":{"_et_pb_use_builder":"on","_et_pb_old_content":"","_et_gb_content_width":"","footnotes":""},"class_list":["post-221","page","type-page","status-publish","hentry"],"_links":{"self":[{"href":"https:\/\/kbb2025.org\/en\/wp-json\/wp\/v2\/pages\/221","targetHints":{"allow":["GET"]}}],"collection":[{"href":"https:\/\/kbb2025.org\/en\/wp-json\/wp\/v2\/pages"}],"about":[{"href":"https:\/\/kbb2025.org\/en\/wp-json\/wp\/v2\/types\/page"}],"author":[{"embeddable":true,"href":"https:\/\/kbb2025.org\/en\/wp-json\/wp\/v2\/users\/2"}],"replies":[{"embeddable":true,"href":"https:\/\/kbb2025.org\/en\/wp-json\/wp\/v2\/comments?post=221"}],"version-history":[{"count":4,"href":"https:\/\/kbb2025.org\/en\/wp-json\/wp\/v2\/pages\/221\/revisions"}],"predecessor-version":[{"id":227,"href":"https:\/\/kbb2025.org\/en\/wp-json\/wp\/v2\/pages\/221\/revisions\/227"}],"wp:attachment":[{"href":"https:\/\/kbb2025.org\/en\/wp-json\/wp\/v2\/media?parent=221"}],"curies":[{"name":"wp","href":"https:\/\/api.w.org\/{rel}","templated":true}]}}