{"id":18,"date":"2024-11-18T17:22:02","date_gmt":"2024-11-18T14:22:02","guid":{"rendered":"https:\/\/kbb2025.org\/?page_id=18"},"modified":"2025-08-26T13:31:01","modified_gmt":"2025-08-26T10:31:01","slug":"ana-sayfa","status":"publish","type":"page","link":"https:\/\/kbb2025.org\/en\/","title":{"rendered":"Main Page"},"content":{"rendered":"<p>[et_pb_section fb_built=&#8221;1&#8243; fullwidth=&#8221;on&#8221; _builder_version=&#8221;4.17.4&#8243; _module_preset=&#8221;default&#8221; global_colors_info=&#8221;{}&#8221;][et_pb_fullwidth_image src=&#8221;https:\/\/kbb2025.org\/wp-content\/uploads\/2024\/11\/banner-1.jpg&#8221; title_text=&#8221;banner&#8221; _builder_version=&#8221;4.17.4&#8243; _module_preset=&#8221;default&#8221; global_colors_info=&#8221;{}&#8221;][\/et_pb_fullwidth_image][\/et_pb_section][et_pb_section fb_built=&#8221;1&#8243; _builder_version=&#8221;4.17.4&#8243; _module_preset=&#8221;default&#8221; custom_margin=&#8221;||||false|false&#8221; custom_padding=&#8221;0px||||false|false&#8221; global_colors_info=&#8221;{}&#8221;][et_pb_row column_structure=&#8221;1_3,1_3,1_3&#8243; _builder_version=&#8221;4.17.4&#8243; _module_preset=&#8221;default&#8221; global_colors_info=&#8221;{}&#8221;][et_pb_column type=&#8221;1_3&#8243; _builder_version=&#8221;4.17.4&#8243; _module_preset=&#8221;default&#8221; global_colors_info=&#8221;{}&#8221;][et_pb_image src=&#8221;https:\/\/kbb2025.org\/wp-content\/uploads\/2024\/11\/FRKN8596-1.jpg&#8221; title_text=&#8221;FRKN8596&#8243; url=&#8221;\/bilimsel-program-2&#8243; _builder_version=&#8221;4.17.4&#8243; _module_preset=&#8221;default&#8221; custom_margin=&#8221;||20px||false|false&#8221; hover_enabled=&#8221;0&#8243; box_shadow_style=&#8221;preset1&#8243; global_colors_info=&#8221;{}&#8221; sticky_enabled=&#8221;0&#8243;][\/et_pb_image][et_pb_text _builder_version=&#8221;4.17.4&#8243; _module_preset=&#8221;default&#8221; text_text_color=&#8221;#000000&#8243; text_font_size=&#8221;17px&#8221; custom_margin=&#8221;||||false|false&#8221; custom_padding=&#8221;||||false|false&#8221; global_colors_info=&#8221;{}&#8221;]<\/p>\n<p style=\"text-align: center;\"><strong>B\u0130L\u0130MSEL PROGRAM<\/strong><\/p>\n<p>[\/et_pb_text][\/et_pb_column][et_pb_column type=&#8221;1_3&#8243; _builder_version=&#8221;4.17.4&#8243; _module_preset=&#8221;default&#8221; global_colors_info=&#8221;{}&#8221;][et_pb_image src=&#8221;https:\/\/kbb2025.org\/wp-content\/uploads\/2024\/11\/main.jpg&#8221; title_text=&#8221;main&#8221; url=&#8221;\/kayit-konaklama&#8221; _builder_version=&#8221;4.17.4&#8243; _module_preset=&#8221;default&#8221; custom_margin=&#8221;||20px||false|false&#8221; box_shadow_style=&#8221;preset1&#8243; global_colors_info=&#8221;{}&#8221;][\/et_pb_image][et_pb_text _builder_version=&#8221;4.17.4&#8243; _module_preset=&#8221;default&#8221; text_text_color=&#8221;#000000&#8243; text_font_size=&#8221;17px&#8221; custom_margin=&#8221;||||false|false&#8221; custom_padding=&#8221;||||false|false&#8221; global_colors_info=&#8221;{}&#8221;]<\/p>\n<p style=\"text-align: center;\"><strong>KAYIT &#8211; KONAKLAMA<br \/><\/strong><\/p>\n<p>[\/et_pb_text][\/et_pb_column][et_pb_column type=&#8221;1_3&#8243; _builder_version=&#8221;4.17.4&#8243; _module_preset=&#8221;default&#8221; global_colors_info=&#8221;{}&#8221;][et_pb_image src=&#8221;https:\/\/kbb2025.org\/wp-content\/uploads\/2024\/11\/FRKN8490.jpg&#8221; title_text=&#8221;FRKN8490&#8243; url=&#8221;\/bildiri-gonderimi&#8221; _builder_version=&#8221;4.17.4&#8243; _module_preset=&#8221;default&#8221; custom_margin=&#8221;||20px||false|false&#8221; box_shadow_style=&#8221;preset1&#8243; global_colors_info=&#8221;{}&#8221;][\/et_pb_image][et_pb_text _builder_version=&#8221;4.17.4&#8243; _module_preset=&#8221;default&#8221; text_text_color=&#8221;#000000&#8243; text_font_size=&#8221;17px&#8221; custom_margin=&#8221;||||false|false&#8221; custom_padding=&#8221;||||false|false&#8221; global_colors_info=&#8221;{}&#8221;]<\/p>\n<p style=\"text-align: center;\"><strong>B\u0130LD\u0130R\u0130 G\u00d6NDER\u0130M\u0130<br \/><\/strong><\/p>\n<p>[\/et_pb_text][\/et_pb_column][\/et_pb_row][et_pb_row _builder_version=&#8221;4.17.4&#8243; _module_preset=&#8221;default&#8221; custom_margin=&#8221;20px||||false|false&#8221; custom_padding=&#8221;||||false|false&#8221; global_colors_info=&#8221;{}&#8221;][et_pb_column type=&#8221;4_4&#8243; _builder_version=&#8221;4.17.4&#8243; _module_preset=&#8221;default&#8221; global_colors_info=&#8221;{}&#8221;][et_pb_text _builder_version=&#8221;4.17.4&#8243; _module_preset=&#8221;default&#8221; text_font=&#8221;Kumbh Sans||||||||&#8221; text_text_color=&#8221;#000000&#8243; text_font_size=&#8221;15px&#8221; global_colors_info=&#8221;{}&#8221;]<\/p>\n<h3 style=\"text-align: justify;\"><strong><span style=\"color: #cc0000;\">DAVET<\/span><\/strong><\/h3>\n<p style=\"text-align: justify;\">Sayg\u0131de\u011fer Meslekta\u015flar\u0131m\u0131z,<\/p>\n<p style=\"text-align: justify;\">En geni\u015f kat\u0131l\u0131ml\u0131 ulusal kongremiz olan 46.T\u00fcrk Ulusal Kulak Burun Bo\u011faz ve Ba\u015f Boyun Cerrahisi Kongresini d\u00fczenlemek \u00fczere Tu\u0308rk Kulak Burun Bog\u0306az ve Bas\u0327 Boyun Cerrahisi Derneg\u0306imiz taraf\u0131ndan g\u00f6revlendirilmi\u015f bulunuyoruz. \u00dczerimizdeki y\u00fcksek sorumlulu\u011fun bilinci ile 45.T\u00fcrk Ulusal Kulak Burun Bo\u011faz ve Ba\u015f Boyun Cerrahisi Kongresi tamamland\u0131ktan hemen sonra gerekli \u00e7al\u0131\u015fmalara ba\u015flad\u0131k.<\/p>\n<p style=\"text-align: justify;\">46.T\u00fcrk Ulusal Kulak Burun Bo\u011faz ve Ba\u015f Boyun Cerrahisi Kongremizi 5-9 Kas\u0131m 2025 tarihlerinde d\u00fcnyan\u0131n en g\u00fczel sahillerinden biri olan KKTC Bafra b\u00f6lgesinde yapaca\u011f\u0131z. \u00d6nceki kongrelerimizdeki tecr\u00fcbeler ile sa\u011flanan d\u00fczene ilaveten be\u011fenilece\u011fini d\u00fc\u015f\u00fcnd\u00fc\u011f\u00fcm\u00fcz ilave programlar\u0131 da ger\u00e7ekle\u015ftirmek niyetindeyiz. Kongre otelimiz Limak Otel olup, ikinci otelimiz sadece bir tel \u00f6rg\u00fc ile ayr\u0131lm\u0131\u015f ve bir kap\u0131 ile ge\u00e7i\u015f sa\u011flanan kom\u015fu Kaya Artemis Oteli olacakt\u0131r. Her iki otel de KKTC\u2019nin en g\u00fczel otellerindendir.<\/p>\n<p style=\"text-align: right;\"><a href=\"\/davet\"><span style=\"color: #0000ff;\">Devam\u0131 &#8230;<\/span><\/a><\/p>\n<p>[\/et_pb_text][\/et_pb_column][\/et_pb_row][\/et_pb_section]<\/p>\n","protected":false},"excerpt":{"rendered":"<p>B\u0130L\u0130MSEL PROGRAMKAYIT &#8211; KONAKLAMAB\u0130LD\u0130R\u0130 G\u00d6NDER\u0130M\u0130DAVET Sayg\u0131de\u011fer Meslekta\u015flar\u0131m\u0131z, En geni\u015f kat\u0131l\u0131ml\u0131 ulusal kongremiz olan 46.T\u00fcrk Ulusal Kulak Burun Bo\u011faz ve Ba\u015f Boyun Cerrahisi Kongresini d\u00fczenlemek \u00fczere Tu\u0308rk Kulak Burun Bog\u0306az ve Bas\u0327 Boyun Cerrahisi Derneg\u0306imiz taraf\u0131ndan g\u00f6revlendirilmi\u015f bulunuyoruz. \u00dczerimizdeki y\u00fcksek sorumlulu\u011fun bilinci ile 45.T\u00fcrk Ulusal Kulak Burun Bo\u011faz ve Ba\u015f Boyun Cerrahisi Kongresi tamamland\u0131ktan hemen sonra [&hellip;]<\/p>\n","protected":false},"author":1,"featured_media":0,"parent":0,"menu_order":0,"comment_status":"closed","ping_status":"closed","template":"","meta":{"_et_pb_use_builder":"on","_et_pb_old_content":"","_et_gb_content_width":"","footnotes":""},"class_list":["post-18","page","type-page","status-publish","hentry"],"_links":{"self":[{"href":"https:\/\/kbb2025.org\/en\/wp-json\/wp\/v2\/pages\/18","targetHints":{"allow":["GET"]}}],"collection":[{"href":"https:\/\/kbb2025.org\/en\/wp-json\/wp\/v2\/pages"}],"about":[{"href":"https:\/\/kbb2025.org\/en\/wp-json\/wp\/v2\/types\/page"}],"author":[{"embeddable":true,"href":"https:\/\/kbb2025.org\/en\/wp-json\/wp\/v2\/users\/1"}],"replies":[{"embeddable":true,"href":"https:\/\/kbb2025.org\/en\/wp-json\/wp\/v2\/comments?post=18"}],"version-history":[{"count":15,"href":"https:\/\/kbb2025.org\/en\/wp-json\/wp\/v2\/pages\/18\/revisions"}],"predecessor-version":[{"id":658,"href":"https:\/\/kbb2025.org\/en\/wp-json\/wp\/v2\/pages\/18\/revisions\/658"}],"wp:attachment":[{"href":"https:\/\/kbb2025.org\/en\/wp-json\/wp\/v2\/media?parent=18"}],"curies":[{"name":"wp","href":"https:\/\/api.w.org\/{rel}","templated":true}]}}