{"id":1036,"date":"2025-12-01T13:50:17","date_gmt":"2025-12-01T10:50:17","guid":{"rendered":"https:\/\/kbb2025.org\/?page_id=1036"},"modified":"2025-12-01T13:51:55","modified_gmt":"2025-12-01T10:51:55","slug":"kongre-bildiri-kitabi","status":"publish","type":"page","link":"https:\/\/kbb2025.org\/en\/kongre-bildiri-kitabi\/","title":{"rendered":"Kongre Bildiri Kitab\u0131"},"content":{"rendered":"<p>[et_pb_section fb_built=&#8221;1&#8243; fullwidth=&#8221;on&#8221; _builder_version=&#8221;4.17.4&#8243; _module_preset=&#8221;default&#8221; background_color=&#8221;#f5821f&#8221; global_colors_info=&#8221;{}&#8221;][et_pb_fullwidth_post_title meta=&#8221;off&#8221; featured_image=&#8221;off&#8221; _builder_version=&#8221;4.17.4&#8243; _module_preset=&#8221;default&#8221; title_font=&#8221;|700|||||||&#8221; title_text_color=&#8221;#000000&#8243; custom_margin=&#8221;||||false|false&#8221; custom_padding=&#8221;130px||10px||false|false&#8221; global_colors_info=&#8221;{}&#8221;][\/et_pb_fullwidth_post_title][\/et_pb_section][et_pb_section fb_built=&#8221;1&#8243; _builder_version=&#8221;4.17.4&#8243; _module_preset=&#8221;default&#8221; global_colors_info=&#8221;{}&#8221;][et_pb_row _builder_version=&#8221;4.17.4&#8243; _module_preset=&#8221;default&#8221; global_colors_info=&#8221;{}&#8221;][et_pb_column type=&#8221;4_4&#8243; _builder_version=&#8221;4.17.4&#8243; _module_preset=&#8221;default&#8221; global_colors_info=&#8221;{}&#8221;][et_pb_text _builder_version=&#8221;4.17.4&#8243; _module_preset=&#8221;default&#8221; global_colors_info=&#8221;{}&#8221;]<\/p>\n<p>Kongre Bildiri Kitab\u0131n\u0131 \u0130ndirmek \u0130\u00e7in T\u0131klay\u0131n\u0131z. (<a href=\"https:\/\/kbb2025.org\/wp-content\/uploads\/2025\/12\/46.-KBB-Kongresi-Kongre-Bildiri-Kitab__-V4_compressed.pdf\">https:\/\/kbb2025.org\/wp-content\/uploads\/2025\/12\/46.-KBB-Kongresi-Kongre-Bildiri-Kitab__-V4_compressed.pdf<\/a>)<\/p>\n<p>&nbsp;<\/p>\n<p>&nbsp;<\/p>\n<p>&nbsp;<\/p>\n<p>&nbsp;<\/p>\n<p>&nbsp;<\/p>\n<p>&nbsp;<\/p>\n<p>&nbsp;<\/p>\n<p>[\/et_pb_text][\/et_pb_column][\/et_pb_row][\/et_pb_section]<\/p>\n","protected":false},"excerpt":{"rendered":"<p>Kongre Bildiri Kitab\u0131n\u0131 \u0130ndirmek \u0130\u00e7in T\u0131klay\u0131n\u0131z. (https:\/\/kbb2025.org\/wp-content\/uploads\/2025\/12\/46.-KBB-Kongresi-Kongre-Bildiri-Kitab__-V4_compressed.pdf) &nbsp; &nbsp; &nbsp; &nbsp; &nbsp; &nbsp; &nbsp;<\/p>","protected":false},"author":2,"featured_media":0,"parent":0,"menu_order":0,"comment_status":"closed","ping_status":"closed","template":"","meta":{"_et_pb_use_builder":"on","_et_pb_old_content":"","_et_gb_content_width":"","footnotes":""},"class_list":["post-1036","page","type-page","status-publish","hentry"],"_links":{"self":[{"href":"https:\/\/kbb2025.org\/en\/wp-json\/wp\/v2\/pages\/1036","targetHints":{"allow":["GET"]}}],"collection":[{"href":"https:\/\/kbb2025.org\/en\/wp-json\/wp\/v2\/pages"}],"about":[{"href":"https:\/\/kbb2025.org\/en\/wp-json\/wp\/v2\/types\/page"}],"author":[{"embeddable":true,"href":"https:\/\/kbb2025.org\/en\/wp-json\/wp\/v2\/users\/2"}],"replies":[{"embeddable":true,"href":"https:\/\/kbb2025.org\/en\/wp-json\/wp\/v2\/comments?post=1036"}],"version-history":[{"count":2,"href":"https:\/\/kbb2025.org\/en\/wp-json\/wp\/v2\/pages\/1036\/revisions"}],"predecessor-version":[{"id":1042,"href":"https:\/\/kbb2025.org\/en\/wp-json\/wp\/v2\/pages\/1036\/revisions\/1042"}],"wp:attachment":[{"href":"https:\/\/kbb2025.org\/en\/wp-json\/wp\/v2\/media?parent=1036"}],"curies":[{"name":"wp","href":"https:\/\/api.w.org\/{rel}","templated":true}]}}